{"id":1739,"date":"2015-07-09T14:16:23","date_gmt":"2015-07-09T14:16:23","guid":{"rendered":"http:\/\/petroraza.com\/sitio\/?page_id=1739"},"modified":"2025-05-26T15:47:06","modified_gmt":"2025-05-26T15:47:06","slug":"responsabilidad-social","status":"publish","type":"page","link":"https:\/\/petroraza.com\/sitio\/responsabilidad-social\/","title":{"rendered":"RESPONSABILIDAD SOCIAL"},"content":{"rendered":"<p>[vc_row][vc_column width=&#8221;1\/2&#8243;][vc_column_text]<\/p>\n<p style=\"text-align: justify;\">Las pol\u00edticas de calidad medio ambiente y seguridad en el trabajo, se desarrollan teniendo en cuenta la responsabilidad social y empresarial es decir se realizan operaciones desde el a\u00f1o 2005 sin presentar ning\u00fan tipo de quejas o reclamos ante la comunidad por el contrario siendo ejemplo para la sociedad en materia de manejo de sustancias qu\u00edmicas y presentando la empresa a nivel regional como caso exitoso.<\/p>\n<p style=\"text-align: justify;\">Adem\u00e1s Petroraza s.a.s teniendo una operaci\u00f3n compleja sigue siendo completamente limpia y por decisi\u00f3n propia decide crear convenios con la Empresa <a href=\"http:\/\/www.ecosiembra.co\"><strong>Ecosiembra<\/strong><\/a> para la mitigaci\u00f3n de huella de carbono y reemplazos de materias primas de origen f\u00f3sil por materias primas derivadas de aceites vegetales. Es por esto que se concentra en la siembra de \u00e1rboles oleaginosos para extraer el aceite y reemplazar en el proceso productivo para \u00a0minimizar\u00a0 impactos negativos derivados de la actividad de consumo de solventes de origen no renovable.<\/p>\n<p style=\"text-align: justify;\">Para esta actividad se elige una zona de cercana Santa fe de Antioquia, contratando el 60% de mano de obra de manera local y escogiendo un terreno de condiciones \u00e1ridas para recuperar suelos y reforestar cuencas conjuntamente con la siembra de los cultivos espec\u00edficos de Jatropha, Higuerilla y Sacha Inchi.<\/p>\n<p style=\"text-align: justify;\">La gerencia comprometida con esta pr\u00e1ctica destina recursos anualmente para la continuidad del proyecto con <a href=\"http:\/\/www.ecosiembra.co\">Ecosiembra<\/a> y define metas con base en la producci\u00f3n de cada 2 tambores vendidos (se vende en unidad de tambores) se sembrara y se conservara un \u00e1rbol en la Finca de <a href=\"http:\/\/www.ecosiembra.co\">Ecosiembra<\/a> la Chorquina.<\/p>\n<p style=\"text-align: justify;\">Esta meta se ha venido cumpliendo desde hace 3 a\u00f1os superando todas las expectativas ya que la incursi\u00f3n en la zona de nuevas oportunidades de trabajo para la gente de la regi\u00f3n genera un ambiente de confianza y tranquilidad en los empleados ya que el convenio est\u00e1 por 15 a\u00f1os y Petroraza para ser una empresa joven tiene toda la proyecci\u00f3n de contribuir con la comunidad en este tipo de estrategias.<\/p>\n<p><a href=\"https:\/\/petroraza.com\/sitio\/wp-content\/uploads\/2021\/05\/Balance-Captura-de-CO2-HCC-PETRORAZA-Mayo2021.pdf\">Balance Captura de CO2- HCC PETRORAZA 2020<\/a>[\/vc_column_text][\/vc_column][vc_column width=&#8221;1\/2&#8243;][rev_slider_vc alias=&#8221;responsabilidad&#8221;][\/vc_column][\/vc_row]<\/p>\n","protected":false},"excerpt":{"rendered":"<p>[vc_row][vc_column width=&#8221;1\/2&#8243;][vc_column_text] Las pol\u00edticas de calidad medio ambiente y seguridad en el trabajo, se desarrollan teniendo en cuenta la responsabilidad social y empresarial es decir se realizan operaciones desde el [&hellip;]<\/p>\n","protected":false},"author":1,"featured_media":0,"parent":0,"menu_order":0,"comment_status":"open","ping_status":"open","template":"","meta":[],"_links":{"self":[{"href":"https:\/\/petroraza.com\/sitio\/wp-json\/wp\/v2\/pages\/1739"}],"collection":[{"href":"https:\/\/petroraza.com\/sitio\/wp-json\/wp\/v2\/pages"}],"about":[{"href":"https:\/\/petroraza.com\/sitio\/wp-json\/wp\/v2\/types\/page"}],"author":[{"embeddable":true,"href":"https:\/\/petroraza.com\/sitio\/wp-json\/wp\/v2\/users\/1"}],"replies":[{"embeddable":true,"href":"https:\/\/petroraza.com\/sitio\/wp-json\/wp\/v2\/comments?post=1739"}],"version-history":[{"count":10,"href":"https:\/\/petroraza.com\/sitio\/wp-json\/wp\/v2\/pages\/1739\/revisions"}],"predecessor-version":[{"id":1957,"href":"https:\/\/petroraza.com\/sitio\/wp-json\/wp\/v2\/pages\/1739\/revisions\/1957"}],"wp:attachment":[{"href":"https:\/\/petroraza.com\/sitio\/wp-json\/wp\/v2\/media?parent=1739"}],"curies":[{"name":"wp","href":"https:\/\/api.w.org\/{rel}","templated":true}]}}