{"id":1829,"date":"2016-11-01T00:03:26","date_gmt":"2016-11-01T00:03:26","guid":{"rendered":"http:\/\/petroraza.com\/sitio\/?page_id=1829"},"modified":"2021-11-08T20:30:56","modified_gmt":"2021-11-08T20:30:56","slug":"politica-de-proteccion-de-datos","status":"publish","type":"page","link":"https:\/\/petroraza.com\/sitio\/politica-de-proteccion-de-datos\/","title":{"rendered":"Pol\u00edtica de Protecci\u00f3n de datos"},"content":{"rendered":"<p>[vc_row][vc_column width=&#8221;1\/2&#8243;][vc_column_text]Petroraza\u00a0S.A.S, comprometida con la seguridad de la informaci\u00f3n personal sus usuarios, clientes, proveedores, contratistas, empleados y p\u00fablico en general y con la finalidad de dar estricto cumplimiento a la normatividad vigente sobre la protecci\u00f3n de Datos Personales, en especial por lo establecido en el decreto \u00fanico 1074\u00a0de 2015 y dem\u00e1s disposiciones que las modifiquen, adicionen o complementen, se permite presentar la Pol\u00edtica de Tratamiento en materia de protecci\u00f3n de Datos Personales.<\/p>\n<p>Para ello le invitamos a descargar nuestra \u00a0pol\u00edticas para el tratamiento de datos personales, procedimientos internos\u00a0en el manejo de datos personales.<\/p>\n<p>Puede contactarnos a trav\u00e9s de los siguientes medios para realizar una actualizaci\u00f3n, modificaci\u00f3n o solicitar la eliminaci\u00f3n de sus datos personales.<\/p>\n<p>Correo: gerencia@petroraza.com<\/p>\n<p>Tel\u00e9fono: 604-3783753<\/p>\n<p>O enviar por medio de formulario impreso a la siguiente direcci\u00f3n:<\/p>\n<p>Calle 80 sur # 47d-16 Sabaneta- Antioquia[\/vc_column_text]<div role=\"form\" class=\"wpcf7\" id=\"wpcf7-f1830-o1\" lang=\"es-ES\" dir=\"ltr\">\n<div class=\"screen-reader-response\"><p role=\"status\" aria-live=\"polite\" aria-atomic=\"true\"><\/p> <ul><\/ul><\/div>\n<form action=\"\/sitio\/wp-json\/wp\/v2\/pages\/1829#wpcf7-f1830-o1\" method=\"post\" class=\"wpcf7-form init\" enctype=\"multipart\/form-data\" novalidate=\"novalidate\" data-status=\"init\">\n<div style=\"display: none;\">\n<input type=\"hidden\" name=\"_wpcf7\" value=\"1830\" \/>\n<input type=\"hidden\" name=\"_wpcf7_version\" value=\"5.4\" \/>\n<input type=\"hidden\" name=\"_wpcf7_locale\" value=\"es_ES\" \/>\n<input type=\"hidden\" name=\"_wpcf7_unit_tag\" value=\"wpcf7-f1830-o1\" \/>\n<input type=\"hidden\" name=\"_wpcf7_container_post\" value=\"0\" \/>\n<input type=\"hidden\" name=\"_wpcf7_posted_data_hash\" value=\"\" \/>\n<\/div>\n<p>Fecha de radicaci\u00f3n (requerido)<br \/>\n    <span class=\"wpcf7-form-control-wrap date-848\"><input type=\"date\" name=\"date-848\" value=\"\" class=\"wpcf7-form-control wpcf7-date wpcf7-validates-as-required wpcf7-validates-as-date\" aria-required=\"true\" aria-invalid=\"false\" \/><\/span> <\/p>\n<p>Tipo de operaci\u00f3n a realizar:<br \/>\n<span class=\"wpcf7-form-control-wrap menu-135\"><select name=\"menu-135\" class=\"wpcf7-form-control wpcf7-select wpcf7-validates-as-required\" aria-required=\"true\" aria-invalid=\"false\"><option value=\"Actualizaci\u00f3n\">Actualizaci\u00f3n<\/option><option value=\"Correcci\u00f3n\">Correcci\u00f3n<\/option><option value=\"Supresi\u00f3n\">Supresi\u00f3n<\/option><\/select><\/span><\/p>\n<p>Nombre y Apellidos(requerido)<br \/>\n    <span class=\"wpcf7-form-control-wrap your-name\"><input type=\"text\" name=\"your-name\" value=\"\" size=\"40\" class=\"wpcf7-form-control wpcf7-text wpcf7-validates-as-required\" aria-required=\"true\" aria-invalid=\"false\" \/><\/span> <\/p>\n<p>Tipo de Identificaci\u00f3n:<br \/>\n<span class=\"wpcf7-form-control-wrap menu-136\"><select name=\"menu-136\" class=\"wpcf7-form-control wpcf7-select wpcf7-validates-as-required\" aria-required=\"true\" aria-invalid=\"false\"><option value=\"C\u00e9dula de ciudadan\u00eda\">C\u00e9dula de ciudadan\u00eda<\/option><option value=\"C\u00e9dula de extranjer\u00eda\">C\u00e9dula de extranjer\u00eda<\/option><option value=\"Pasaporte\">Pasaporte<\/option><option value=\"NIT\">NIT<\/option><\/select><\/span><\/p>\n<p>N\u00famero de identificaci\u00f3n:<br \/>\n<span class=\"wpcf7-form-control-wrap number-668\"><input type=\"number\" name=\"number-668\" value=\"\" class=\"wpcf7-form-control wpcf7-number wpcf7-validates-as-required wpcf7-validates-as-number\" aria-required=\"true\" aria-invalid=\"false\" \/><\/span><\/p>\n<p>Correo electr\u00f3nico (requerido)<br \/>\n    <span class=\"wpcf7-form-control-wrap your-email\"><input type=\"email\" name=\"your-email\" value=\"\" size=\"40\" class=\"wpcf7-form-control wpcf7-text wpcf7-email wpcf7-validates-as-required wpcf7-validates-as-email\" aria-required=\"true\" aria-invalid=\"false\" \/><\/span> <\/p>\n<p>Direcci\u00f3n:<br \/>\n<span class=\"wpcf7-form-control-wrap textarea-381\"><textarea name=\"textarea-381\" cols=\"40\" rows=\"10\" class=\"wpcf7-form-control wpcf7-textarea wpcf7-validates-as-required\" aria-required=\"true\" aria-invalid=\"false\"><\/textarea><\/span><br \/>\nDescrici\u00f3n de los hechos que dan lugar al reclamo:<br \/>\n<span class=\"wpcf7-form-control-wrap textarea-382\"><textarea name=\"textarea-382\" cols=\"40\" rows=\"10\" class=\"wpcf7-form-control wpcf7-textarea wpcf7-validates-as-required\" aria-required=\"true\" aria-invalid=\"false\"><\/textarea><\/span><br \/>\nAdjunte por favor imagen de la identificaci\u00f3n aportada<br \/>\n<span class=\"wpcf7-form-control-wrap file-499\"><input type=\"file\" name=\"file-499\" size=\"40\" class=\"wpcf7-form-control wpcf7-file\" accept=\".gif,.png,.jpg,.jpeg\" aria-invalid=\"false\" \/><\/span><\/p>\n<p><input type=\"hidden\" name=\"_wpcf7_captcha_challenge_captcha-918\" value=\"1981884847\" \/><img class=\"wpcf7-form-control wpcf7-captchac wpcf7-captcha-captcha-918\" width=\"72\" height=\"24\" alt=\"captcha\" src=\"https:\/\/petroraza.com\/sitio\/wp-content\/uploads\/wpcf7_captcha\/1981884847.png\" \/><br \/>\n<span class=\"wpcf7-form-control-wrap captcha-918\"><input type=\"text\" name=\"captcha-918\" value=\"\" size=\"40\" class=\"wpcf7-form-control wpcf7-captchar\" autocomplete=\"off\" aria-invalid=\"false\" \/><\/span><\/p>\n<p><input type=\"submit\" value=\"Enviar\" class=\"wpcf7-form-control wpcf7-submit\" \/><\/p>\n<div class=\"wpcf7-response-output\" aria-hidden=\"true\"><\/div><\/form><\/div>[\/vc_column][vc_column width=&#8221;1\/2&#8243;][vc_single_image image=&#8221;1831&#8243; img_size=&#8221;full&#8221; alignment=&#8221;center&#8221;][vc_btn title=&#8221;Descargue aqu\u00ed Nuestras Pol\u00edticas Protecci\u00f3n de Datos&#8221; align=&#8221;center&#8221; i_icon_fontawesome=&#8221;fa fa-archive&#8221; add_icon=&#8221;true&#8221; link=&#8221;url:http%3A%2F%2Fpetroraza.com%2Fsitio%2Fwp-content%2Fuploads%2F2016%2F11%2FPol%C3%ADticas-para-el-Tratamiento-de-su-Informaci%C3%B3n-Personal-PETRORZA-S.A.pdf||target:%20_blank&#8221;][\/vc_column][\/vc_row]<\/p>\n","protected":false},"excerpt":{"rendered":"<p>[vc_row][vc_column width=&#8221;1\/2&#8243;][vc_column_text]Petroraza\u00a0S.A.S, comprometida con la seguridad de la informaci\u00f3n personal sus usuarios, clientes, proveedores, contratistas, empleados y p\u00fablico en general y con la finalidad de dar estricto cumplimiento a la [&hellip;]<\/p>\n","protected":false},"author":1,"featured_media":0,"parent":0,"menu_order":0,"comment_status":"open","ping_status":"open","template":"","meta":[],"_links":{"self":[{"href":"https:\/\/petroraza.com\/sitio\/wp-json\/wp\/v2\/pages\/1829"}],"collection":[{"href":"https:\/\/petroraza.com\/sitio\/wp-json\/wp\/v2\/pages"}],"about":[{"href":"https:\/\/petroraza.com\/sitio\/wp-json\/wp\/v2\/types\/page"}],"author":[{"embeddable":true,"href":"https:\/\/petroraza.com\/sitio\/wp-json\/wp\/v2\/users\/1"}],"replies":[{"embeddable":true,"href":"https:\/\/petroraza.com\/sitio\/wp-json\/wp\/v2\/comments?post=1829"}],"version-history":[{"count":5,"href":"https:\/\/petroraza.com\/sitio\/wp-json\/wp\/v2\/pages\/1829\/revisions"}],"predecessor-version":[{"id":1894,"href":"https:\/\/petroraza.com\/sitio\/wp-json\/wp\/v2\/pages\/1829\/revisions\/1894"}],"wp:attachment":[{"href":"https:\/\/petroraza.com\/sitio\/wp-json\/wp\/v2\/media?parent=1829"}],"curies":[{"name":"wp","href":"https:\/\/api.w.org\/{rel}","templated":true}]}}