{"id":5,"date":"2014-07-18T13:43:07","date_gmt":"2014-07-18T13:43:07","guid":{"rendered":"http:\/\/demo.themetor.com\/official\/demo2\/?page_id=5"},"modified":"2016-10-18T22:49:08","modified_gmt":"2016-10-18T22:49:08","slug":"home","status":"publish","type":"page","link":"https:\/\/petroraza.com\/sitio\/","title":{"rendered":"INICIO"},"content":{"rendered":"<p>[vc_row][vc_column width=&#8221;1\/1&#8243;]<div class=\"gap clearfix\" style=\"height: 50px;\"><\/div>[vc_row_inner][vc_column_inner width=&#8221;1\/4&#8243;]<div class=\"services sb2 clearfix tac\"><div class=\"stitle mb clearfix\"><i class=\"service-icon icon-gears\"  style=\"color:#1eafbf !important;\" ><\/i><h3><a href=\"https:\/\/petroraza.com\/sitio\/?page_id=920\" target=\"_self\" >Nanotecnolog\u00eda<\/a><small>Aplicada a la industria<\/small><\/h3><\/div><p>Somos pioneros en nanotecnolog\u00eda a nivel mundial<\/p><a class='tbutton small tbutton6 color1' href='https:\/\/petroraza.com\/sitio\/?page_id=920' target='_self' ><span>Mas informaci\u00f3n<\/span><\/a><\/div>[\/vc_column_inner][vc_column_inner width=&#8221;1\/4&#8243;]<div class=\"services sb2 clearfix tac\"><div class=\"stitle mb clearfix\"><i class=\"service-icon icon-tint\"  style=\"color:#1eafbf !important;\" ><\/i><h3><a href=\"https:\/\/petroraza.com\/sitio\/?page_id=250\" target=\"_self\" >Productos<\/a><small>Industria Petrolera<\/small><\/h3><\/div><p>Productos para la estimulaci\u00f3n de pozos de petr\u00f3leo y gas&#8230;<\/p><a class='tbutton small tbutton6 color1' href='https:\/\/petroraza.com\/sitio\/?page_id=250' target='_self' ><span>Mas informaci\u00f3n<\/span><\/a><\/div>[\/vc_column_inner][vc_column_inner width=&#8221;1\/4&#8243;]<div class=\"services sb2 clearfix tac\"><div class=\"stitle mb clearfix\"><i class=\"service-icon icon-globe\"  style=\"color:#1eafbf !important;\" ><\/i><h3><a href=\"https:\/\/petroraza.com\/sitio\/responsabilidad-social\" target=\"_self\" >Responsabilidad Social<\/a><small>Conscientes de nuestro entorno<\/small><\/h3><\/div><p>Valoramos nuestro planeta, y fomentamos su conservaci\u00f3n<\/p><a class='tbutton small tbutton6 color1' href='https:\/\/petroraza.com\/sitio\/responsabilidad-social' target='_self' ><span>Mas Informaci\u00f3n<\/span><\/a><\/div>[\/vc_column_inner][vc_column_inner width=&#8221;1\/4&#8243;]<div class=\"services sb2 clearfix tac\"><div class=\"stitle mb clearfix\"><i class=\"service-icon icon-info-sign\"  style=\"color:#1eafbf !important;\" ><\/i><h3><a href=\"https:\/\/petroraza.com\/sitio\/contacto\/\" target=\"_self\" >Cont\u00e1ctenos<\/a><small>Estamos atento a su llamado<\/small><\/h3><\/div><p>Puede ubicarnos f\u00e1cilmente en nuestro mapa<\/p><a class='tbutton small tbutton6 color1' href='https:\/\/petroraza.com\/sitio\/contacto\/' target='_self' ><span>Mas informaci\u00f3n<\/span><\/a><\/div>[\/vc_column_inner][\/vc_row_inner][\/vc_column][\/vc_row][vc_row css=&#8221;.vc_custom_1408739211088{margin-bottom: 0px !important;}&#8221;][vc_column width=&#8221;1\/1&#8243;][vc_single_image image=&#8221;1606&#8243; border_color=&#8221;grey&#8221; img_link_target=&#8221;_self&#8221; img_size=&#8221;full&#8221; alignment=&#8221;center&#8221; css=&#8221;.vc_custom_1432405263260{margin-bottom: -5px !important;}&#8221; img_link_large=&#8221;&#8221;][\/vc_column][\/vc_row][vc_row][vc_column width=&#8221;1\/1&#8243;]<div class=\"gap clearfix\" style=\"height: 50px;\"><\/div>[vc_column_text]<\/p>\n<h2>Sobre nosotros<\/h2>\n<p class=\"sub4\" align=\"justify\"><strong>Petroingenier\u00eda Regional Antioquia S.A.S.<\/strong> es una empresa de investigaci\u00f3n orgullosamente Colombiana que lleva varios a\u00f1os desarrollando y fabricando nuevos productos para la estimulaci\u00f3n de Pozos de Petr\u00f3leo y Gas.<\/p>\n<p class=\"sub4\" align=\"justify\">Somos fabricantes de bases concentradas para dispersantes e inhibidores de asfaltenos, estabilizadores de finos, estabilizadores de arcillas, antisludge, cosolventes, surfactantes, alcohol para Remocion de bancos de Condensado, EDTA, entre otros<\/p>\n<p>[\/vc_column_text]<div class=\"gap clearfix\" style=\"height: 50px;\"><\/div><div class=\"wrapbox\"  style=\"background-color:#ffffff !important;\" ><div class=\"row clearfix\">[vc_row_inner][vc_column_inner el_class=&#8221;&#8221; width=&#8221;1\/4&#8243;][vc_pie value=&#8221;90&#8243; label_value=&#8221;90&#8243; color=&#8221;btn-info&#8221; title=&#8221;Innovaci\u00f3n e investigaci\u00f3n&#8221; units=&#8221;%&#8221;][\/vc_column_inner][vc_column_inner el_class=&#8221;&#8221; width=&#8221;1\/4&#8243;][vc_pie value=&#8221;80&#8243; label_value=&#8221;80&#8243; color=&#8221;btn-info&#8221; title=&#8221;Aplicaciones&#8221; units=&#8221;%&#8221;][\/vc_column_inner][vc_column_inner el_class=&#8221;&#8221; width=&#8221;1\/4&#8243;][vc_pie value=&#8221;90&#8243; color=&#8221;btn-info&#8221; title=&#8221;Desarrollo y mejoramiento&#8221; units=&#8221;%&#8221;][\/vc_column_inner][vc_column_inner el_class=&#8221;&#8221; width=&#8221;1\/4&#8243;][vc_pie value=&#8221;80&#8243; label_value=&#8221;80&#8243; color=&#8221;btn-info&#8221; title=&#8221;Responsabilidad Social&#8221; units=&#8221;%&#8221;][\/vc_column_inner][\/vc_row_inner]<\/div><\/div><div class=\"gap clearfix\" style=\"height: 10px;\"><\/div>[\/vc_column][\/vc_row]<\/p>\n","protected":false},"excerpt":{"rendered":"<p>[vc_row][vc_column width=&#8221;1\/1&#8243;][vc_row_inner][vc_column_inner width=&#8221;1\/4&#8243;][\/vc_column_inner][vc_column_inner width=&#8221;1\/4&#8243;][\/vc_column_inner][vc_column_inner width=&#8221;1\/4&#8243;][\/vc_column_inner][vc_column_inner width=&#8221;1\/4&#8243;][\/vc_column_inner][\/vc_row_inner][\/vc_column][\/vc_row][vc_row css=&#8221;.vc_custom_1408739211088{margin-bottom: 0px !important;}&#8221;][vc_column width=&#8221;1\/1&#8243;][vc_single_image image=&#8221;1606&#8243; border_color=&#8221;grey&#8221; img_link_target=&#8221;_self&#8221; img_size=&#8221;full&#8221; alignment=&#8221;center&#8221; css=&#8221;.vc_custom_1432405263260{margin-bottom: -5px !important;}&#8221; img_link_large=&#8221;&#8221;][\/vc_column][\/vc_row][vc_row][vc_column width=&#8221;1\/1&#8243;][vc_column_text] Sobre nosotros Petroingenier\u00eda Regional Antioquia S.A.S. es una empresa de [&hellip;]<\/p>\n","protected":false},"author":1,"featured_media":0,"parent":0,"menu_order":0,"comment_status":"closed","ping_status":"closed","template":"","meta":[],"_links":{"self":[{"href":"https:\/\/petroraza.com\/sitio\/wp-json\/wp\/v2\/pages\/5"}],"collection":[{"href":"https:\/\/petroraza.com\/sitio\/wp-json\/wp\/v2\/pages"}],"about":[{"href":"https:\/\/petroraza.com\/sitio\/wp-json\/wp\/v2\/types\/page"}],"author":[{"embeddable":true,"href":"https:\/\/petroraza.com\/sitio\/wp-json\/wp\/v2\/users\/1"}],"replies":[{"embeddable":true,"href":"https:\/\/petroraza.com\/sitio\/wp-json\/wp\/v2\/comments?post=5"}],"version-history":[{"count":12,"href":"https:\/\/petroraza.com\/sitio\/wp-json\/wp\/v2\/pages\/5\/revisions"}],"predecessor-version":[{"id":1754,"href":"https:\/\/petroraza.com\/sitio\/wp-json\/wp\/v2\/pages\/5\/revisions\/1754"}],"wp:attachment":[{"href":"https:\/\/petroraza.com\/sitio\/wp-json\/wp\/v2\/media?parent=5"}],"curies":[{"name":"wp","href":"https:\/\/api.w.org\/{rel}","templated":true}]}}