{"id":900,"date":"2014-07-06T12:54:57","date_gmt":"2014-07-06T12:54:57","guid":{"rendered":"http:\/\/localhost:88\/official\/?page_id=900"},"modified":"2025-05-26T15:57:11","modified_gmt":"2025-05-26T15:57:11","slug":"la-empresa","status":"publish","type":"page","link":"https:\/\/petroraza.com\/sitio\/la-empresa\/","title":{"rendered":"LA EMPRESA"},"content":{"rendered":"<p>[vc_row full_width=&#8221;&#8221; parallax=&#8221;&#8221; parallax_image=&#8221;&#8221;][vc_column width=&#8221;1\/1&#8243;]<h3 class=\"col-title\">La Empresa<\/h3>\r\n\t  \t\t\t<span class=\"liner\"><\/span>[\/vc_column][\/vc_row][vc_row full_width=&#8221;&#8221; parallax=&#8221;&#8221; parallax_image=&#8221;&#8221;][vc_column width=&#8221;1\/1&#8243;][vc_column_text]<strong><img loading=\"lazy\" class=\"alignleft wp-image-1615 size-medium\" style=\"margin: 5px 5px 5px 5px;\" src=\"https:\/\/petroraza.com\/sitio\/wp-content\/uploads\/2014\/07\/image001-300x225.jpg\" alt=\"innovaci\u00f3n\" width=\"300\" height=\"225\" \/>Petroraza <span lang=\"ES-CO\">S.A.S<\/span>.<\/strong> se constituye con el objetivo de prestar servicios de Ingenier\u00eda de optimizaci\u00f3n de pozos de petr\u00f3leo y gas a trav\u00e9s del desarrollo de las competencias de nuestro recurso humano, nuestros equipos, nuestros productos y sistemas de calidad. La empresa se ha fijado cuatro pol\u00edticas, las cuales act\u00faan como directriz de todas las actividades en materia de calidad, salud, seguridad y ambiente. Estas pol\u00edticas cuentan el apoyo econ\u00f3mico por parte de la Gerencia, lo cual brinda confianza y solidez en el momento de realizar cualquier actividad.<\/p>\n<p class=\"bod\" align=\"justify\">Petroraza <span lang=\"ES-CO\">S.A.S<\/span>. est\u00e1 comprometida con proporcionar\u00a0 productos y servicios para la optimizaci\u00f3n de pozos de petr\u00f3leo y gas que cumplan las necesidades espec\u00edficas de nuestros clientes, ayudando efectivamente a mejorar la productividad de las empresas. Los lineamientos de calidad de nuestro quehacer son los siguientes:<\/p>\n<p class=\"bod\" align=\"justify\"><strong>Orientaci\u00f3n al cliente: <\/strong>Nos esforzamos por realizar, cumplir y agregar valor a los compromisos contra\u00eddos con nuestros clientes. Estimulamos la realizaci\u00f3n de las actividades de la amanera m\u00e1s adecuada, generando un servicio de \u00f3ptima calidad.<\/p>\n<p class=\"bod\" align=\"justify\"><strong>Innovaci\u00f3n:<\/strong> Tenemos una actitud proactiva hacia el desarrollo de nuevas tecnolog\u00edas y nuevos productos que puedan agregar valor a nuestros servicios. Poseemos la disposici\u00f3n a aprender y difundir el conocimiento.<\/p>\n<p class=\"bod\" align=\"justify\"><strong>Responsabilidad:<\/strong> Asumimos con responsabilidad las fallas de nuestros actos. Por lo cual llevamos un registro de todas las inconformidades, en el cual analizamos todas las causas que pueden haberlas generado y, finalmente tomamos las medidas necesarias para solucionar la inconformidad o problema planteado, buscando no reincidir en el mismo y aprender de cada experiencia.<\/p>\n<p class=\"bod\" align=\"justify\"><strong>Mejoramiento Continuo:<\/strong> Revisamos continuamente nuestros procesos. Todas las actividades programadas entran en un ciclo continuo<\/p>\n<p>[\/vc_column_text][\/vc_column][\/vc_row][vc_row full_width=&#8221;&#8221; parallax=&#8221;&#8221; parallax_image=&#8221;&#8221;][vc_column width=&#8221;1\/1&#8243;]<div class=\"gap clearfix\" style=\"height: 35px;\"><\/div>[\/vc_column][\/vc_row][vc_row full_width=&#8221;&#8221; parallax=&#8221;&#8221; parallax_image=&#8221;&#8221;][vc_column width=&#8221;2\/3&#8243;]<h3 class=\"col-title\">Misi\u00f3n &amp; Visi\u00f3n<\/h3>\r\n\t  \t\t\t<span class=\"liner\"><\/span>[vc_column_text]<\/p>\n<p style=\"text-align: justify;\">Desarrollar y comercializar productos y tecnolog\u00edas para la estimulaci\u00f3n de pozos y, optimizaci\u00f3n de producci\u00f3n generando as\u00ed los m\u00e1s altos est\u00e1ndares de calidad y productividad, a trav\u00e9s del fortalecimiento y est\u00edmulo de los recursos humanos, t\u00e9cnicos y financieros; para de esta manera garantizar el incremento del patrimonio, la permanencia en el mercado y la satisfacci\u00f3n de nuestros clientes.<\/p>\n<p style=\"text-align: justify;\">Ser una empresa l\u00edder en el desarrollo de tecnolog\u00edas para la optimizaci\u00f3n de producci\u00f3n y la minimizaci\u00f3n del da\u00f1o de formaci\u00f3n en pozos de petr\u00f3leo y gas.<\/p>\n<p>[\/vc_column_text][\/vc_column][vc_column width=&#8221;1\/3&#8243;][vc_single_image image=&#8221;1586&#8243; border_color=&#8221;grey&#8221; img_link_large=&#8221;&#8221; img_link_target=&#8221;_self&#8221; alignment=&#8221;center&#8221; style=&#8221;vc_box_rounded&#8221;][\/vc_column][\/vc_row][vc_row full_width=&#8221;&#8221; parallax=&#8221;&#8221; parallax_image=&#8221;&#8221;][vc_column width=&#8221;1\/1&#8243;]<div class=\"gap clearfix\" style=\"height: 45px;\"><\/div>[\/vc_column][\/vc_row][vc_row full_width=&#8221;&#8221; parallax=&#8221;&#8221; parallax_image=&#8221;&#8221;][vc_column width=&#8221;1\/1&#8243;]<div class=\"gap clearfix\" style=\"height: 40px;\"><\/div>[\/vc_column][\/vc_row]<\/p>\n","protected":false},"excerpt":{"rendered":"<p>[vc_row full_width=&#8221;&#8221; parallax=&#8221;&#8221; parallax_image=&#8221;&#8221;][vc_column width=&#8221;1\/1&#8243;][\/vc_column][\/vc_row][vc_row full_width=&#8221;&#8221; parallax=&#8221;&#8221; parallax_image=&#8221;&#8221;][vc_column width=&#8221;1\/1&#8243;][vc_column_text]Petroraza S.A.S. se constituye con el objetivo de prestar servicios de Ingenier\u00eda de optimizaci\u00f3n de pozos de petr\u00f3leo y gas a trav\u00e9s [&hellip;]<\/p>\n","protected":false},"author":1,"featured_media":0,"parent":0,"menu_order":0,"comment_status":"closed","ping_status":"closed","template":"","meta":[],"_links":{"self":[{"href":"https:\/\/petroraza.com\/sitio\/wp-json\/wp\/v2\/pages\/900"}],"collection":[{"href":"https:\/\/petroraza.com\/sitio\/wp-json\/wp\/v2\/pages"}],"about":[{"href":"https:\/\/petroraza.com\/sitio\/wp-json\/wp\/v2\/types\/page"}],"author":[{"embeddable":true,"href":"https:\/\/petroraza.com\/sitio\/wp-json\/wp\/v2\/users\/1"}],"replies":[{"embeddable":true,"href":"https:\/\/petroraza.com\/sitio\/wp-json\/wp\/v2\/comments?post=900"}],"version-history":[{"count":10,"href":"https:\/\/petroraza.com\/sitio\/wp-json\/wp\/v2\/pages\/900\/revisions"}],"predecessor-version":[{"id":1958,"href":"https:\/\/petroraza.com\/sitio\/wp-json\/wp\/v2\/pages\/900\/revisions\/1958"}],"wp:attachment":[{"href":"https:\/\/petroraza.com\/sitio\/wp-json\/wp\/v2\/media?parent=900"}],"curies":[{"name":"wp","href":"https:\/\/api.w.org\/{rel}","templated":true}]}}