{"id":920,"date":"2014-07-06T13:58:43","date_gmt":"2014-07-06T13:58:43","guid":{"rendered":"http:\/\/localhost:88\/official\/?page_id=920"},"modified":"2021-04-16T18:13:48","modified_gmt":"2021-04-16T18:13:48","slug":"nanotecnologia","status":"publish","type":"page","link":"https:\/\/petroraza.com\/sitio\/nanotecnologia\/","title":{"rendered":"NANOTECNOLOG\u00cdA"},"content":{"rendered":"<p>[vc_row][vc_column][vc_column_text]Nanociencia para reducci\u00f3n de la Huella de Carbono y la Huella H\u00eddrica.<\/p>\n<p>Somos pioneros en nanotecnolog\u00eda a nivel mundial. Con el primer centro de nanotecnolog\u00eda y nanociencia aplicada instalado en Latinoam\u00e9rica en nuestra sede de Sabaneta- Antioquia. Desde el a\u00f1o 2008, desarrollando investigaciones con recursos propios.<\/p>\n<p>&nbsp;<\/p>\n<p>LIDERES EN NANOCIENCIA Y NANOTECNOLOGIA<\/p>\n<p><strong>IN-SITU Nanofluido\u2122<\/strong>\u00a0 \u00a0 \u00a0 \u00a0 \u00a0 \u00a0 \u00a0 \u00a0 \u00a0 Nanociencia para el mejoramiento de la Huella H\u00eddrica en la producci\u00f3n de crudos pesados, con reducci\u00f3n de hasta un 35%. (50030).<\/p>\n<p><strong>IN-SITU Nanofluido\u2122<\/strong>\u00a0 \u00a0 \u00a0 \u00a0 \u00a0 \u00a0 \u00a0 \u00a0 \u00a0 Nanociencia para captura de CO2 y almacenamiento geol\u00f3gico para reducci\u00f3n de emisi\u00f3n de gases efecto invernadero. (50017).<\/p>\n<p style=\"text-align: right;\"><a href=\"https:\/\/petroraza.com\/sitio\/wp-content\/uploads\/2021\/04\/In-Situ-Captura-de-CO2-y-Retenedor-de-Agua.pptx\" download=\"In-Situ Nanofluido\">Descargar Presentaci\u00f3n<\/a><\/p>\n<p>NANOMATERIALES CUBIERTOS BAJO PATENTE:<\/p>\n<p>US Pat No.10301555<\/p>\n<p>US Pat No.10829701<\/p>\n<p>US Pat No.10087375<\/p>\n<p>US Pat No.10308879<\/p>\n<p>US Pat No.9,339,796<\/p>\n<p>US Patent 10,907,105 on February 2, 2021<\/p>\n<p>Canada: Pat No. 2966890[\/vc_column_text][\/vc_column][\/vc_row][vc_row][vc_column width=&#8221;1\/3&#8243;][\/vc_column][vc_column width=&#8221;1\/3&#8243;][\/vc_column][\/vc_row]<\/p>\n","protected":false},"excerpt":{"rendered":"<p>[vc_row][vc_column][vc_column_text]Nanociencia para reducci\u00f3n de la Huella de Carbono y la Huella H\u00eddrica. Somos pioneros en nanotecnolog\u00eda a nivel mundial. Con el primer centro de nanotecnolog\u00eda y nanociencia aplicada instalado en [&hellip;]<\/p>\n","protected":false},"author":1,"featured_media":0,"parent":0,"menu_order":0,"comment_status":"open","ping_status":"open","template":"","meta":[],"_links":{"self":[{"href":"https:\/\/petroraza.com\/sitio\/wp-json\/wp\/v2\/pages\/920"}],"collection":[{"href":"https:\/\/petroraza.com\/sitio\/wp-json\/wp\/v2\/pages"}],"about":[{"href":"https:\/\/petroraza.com\/sitio\/wp-json\/wp\/v2\/types\/page"}],"author":[{"embeddable":true,"href":"https:\/\/petroraza.com\/sitio\/wp-json\/wp\/v2\/users\/1"}],"replies":[{"embeddable":true,"href":"https:\/\/petroraza.com\/sitio\/wp-json\/wp\/v2\/comments?post=920"}],"version-history":[{"count":29,"href":"https:\/\/petroraza.com\/sitio\/wp-json\/wp\/v2\/pages\/920\/revisions"}],"predecessor-version":[{"id":1884,"href":"https:\/\/petroraza.com\/sitio\/wp-json\/wp\/v2\/pages\/920\/revisions\/1884"}],"wp:attachment":[{"href":"https:\/\/petroraza.com\/sitio\/wp-json\/wp\/v2\/media?parent=920"}],"curies":[{"name":"wp","href":"https:\/\/api.w.org\/{rel}","templated":true}]}}